{"id":81,"date":"2024-04-29T11:35:29","date_gmt":"2024-04-29T11:35:29","guid":{"rendered":"https:\/\/aktivenergie.com\/?page_id=81"},"modified":"2024-04-29T11:35:30","modified_gmt":"2024-04-29T11:35:30","slug":"impressum","status":"publish","type":"page","link":"https:\/\/aktivenergie.com\/?page_id=81","title":{"rendered":"Impressum"},"content":{"rendered":"\n<p><\/p>\n\n\n\n<p><\/p>\n\n\n\n<p>AktivEnergie ist eine Marke der Mendelson GmbH<br>Mergenthalerallee 73-75<br>65760 Eschborn<\/p>\n\n\n\n<p>Handelsregister: HRB 121838<br>Registergericht: Amtsgericht Frankfurt am Main<\/p>\n\n\n\n<p>Vertreten durch:<br>Alexander Mendelson<\/p>\n\n\n\n<p>Kontakt<br>Telefon: Tel.: +49 1783127307<br>E-Mail: alexander.mendelson@aktivenergie.com<\/p>\n\n\n\n<p>UMSATZSTEUER-ID<br>Umsatzsteuer-Identifikationsnummer gem\u00e4\u00df \u00a7 27 a Umsatzsteuergesetz:<br>DE322987837<\/p>\n\n\n\n<p>Streitschlichtungsverfahren vor einer Verbraucherschlichtungsstelle<br>Wir sind nicht bereit oder verpflichtet, an Streitbeilegungsverfahren vor einer Verbraucherschlichtungsstelle teilzunehmen.<\/p>\n\n\n\n<p>Haftung f\u00fcr den Inhalt<br>Als Diensteanbieter sind wir gem\u00e4\u00df \u00a7 7 Abs.1 TMG f\u00fcr eigene Inhalte auf diesen Seiten nach den allgemeinen Gesetzen verantwortlich. Nach \u00a7\u00a7 8 bis 10 TMG sind wir als Diensteanbieter jedoch nicht verpflichtet, \u00fcbermittelte oder gespeicherte fremde Informationen st\u00e4ndig zu \u00fcberwachen oder nach Umst\u00e4nden zu forschen, die auf eine rechtswidrige T\u00e4tigkeit hinweisen.<\/p>\n\n\n\n<p>Rechtliche Verpflichtungen zur Entfernung oder Sperrung der Nutzung von Informationen bleiben unber\u00fchrt. Eine diesbez\u00fcgliche Haftung ist jedoch erst ab dem Zeitpunkt der Kenntnis einer konkreten Rechtsverletzung m\u00f6glich. Bei bekannt werden von entsprechenden Rechtsverletzungen werden wir diese Inhalte umgehend entfernen.<\/p>\n\n\n\n<p>Haftung f\u00fcr Links<br>Unser Angebot enth\u00e4lt Links zu externen Webseiten Dritter. Auf die Inhalte dieser Websites haben wir keinen Einfluss, daher k\u00f6nnen wir f\u00fcr diese Inhalte auch nicht garantieren. F\u00fcr die Inhalte der verlinkten Seiten ist stets der jeweilige Anbieter oder Betreiber der Seiten verantwortlich.<\/p>\n\n\n\n<p>Die verlinkten Seiten wurden zum Zeitpunkt der Verlinkung auf m\u00f6gliche Rechtsverst\u00f6\u00dfe \u00fcberpr\u00fcft. Rechtswidrige Inhalte waren zum Zeitpunkt der Verlinkung nicht erkennbar. Eine permanente inhaltliche Kontrolle der verlinkten Seiten ist jedoch ohne konkrete Anhaltspunkte einer Rechtsverletzung nicht zumutbar. Rechtswidrige Links werden zum Zeitpunkt der Kenntnisnahme unverz\u00fcglich entfernt.<\/p>\n\n\n\n<p>Urheberrecht<br>Die durch die Seitenbetreiber erstellten Inhalte und Werke auf diesen Seiten unterliegen dem deutschen Urheberrecht. Die Vervielf\u00e4ltigung, Bearbeitung, Verbreitung und jede Art der Verwertung au\u00dferhalb der Grenzen des Urheberrechtes bed\u00fcrfen der schriftlichen Zustimmung des jeweiligen Autors bzw. Erstellers. Downloads und Kopien dieser Seite sind nur f\u00fcr den privaten Gebrauch gestattet.<br>Die kommerzielle Nutzung unserer Inhalte ist ohne Zustimmung des Urhebers untersagt.<\/p>\n\n\n\n<p>Soweit die Inhalte auf dieser Seite nicht vom Betreiber erstellt wurden, werden die Urheberrechte Dritter beachtet. Beitr\u00e4ge Dritter sind auf dieser Website als solche gekennzeichnet. Sollten Sie trotzdem auf eine Urheberrechtsverletzung aufmerksam werden, bitten wir um einen entsprechenden Hinweis. Die Inhalte werden dann umgehend entfernt.<\/p>\n","protected":false},"excerpt":{"rendered":"<p>AktivEnergie ist eine Marke der Mendelson GmbHMergenthalerallee 73-7565760 Eschborn Handelsregister: HRB 121838Registergericht: Amtsgericht Frankfurt am Main Vertreten durch:Alexander Mendelson KontaktTelefon: Tel.: +49 [&hellip;]<\/p>\n","protected":false},"author":1,"featured_media":0,"parent":0,"menu_order":0,"comment_status":"closed","ping_status":"closed","template":"","meta":{"footnotes":""},"_links":{"self":[{"href":"https:\/\/aktivenergie.com\/index.php?rest_route=\/wp\/v2\/pages\/81"}],"collection":[{"href":"https:\/\/aktivenergie.com\/index.php?rest_route=\/wp\/v2\/pages"}],"about":[{"href":"https:\/\/aktivenergie.com\/index.php?rest_route=\/wp\/v2\/types\/page"}],"author":[{"embeddable":true,"href":"https:\/\/aktivenergie.com\/index.php?rest_route=\/wp\/v2\/users\/1"}],"replies":[{"embeddable":true,"href":"https:\/\/aktivenergie.com\/index.php?rest_route=%2Fwp%2Fv2%2Fcomments&post=81"}],"version-history":[{"count":1,"href":"https:\/\/aktivenergie.com\/index.php?rest_route=\/wp\/v2\/pages\/81\/revisions"}],"predecessor-version":[{"id":82,"href":"https:\/\/aktivenergie.com\/index.php?rest_route=\/wp\/v2\/pages\/81\/revisions\/82"}],"wp:attachment":[{"href":"https:\/\/aktivenergie.com\/index.php?rest_route=%2Fwp%2Fv2%2Fmedia&parent=81"}],"curies":[{"name":"wp","href":"https:\/\/api.w.org\/{rel}","templated":true}]}}